{"id":316,"date":"2021-04-28T17:55:57","date_gmt":"2021-04-28T15:55:57","guid":{"rendered":"https:\/\/jesuites.com\/prie-en-chemin-avec-ignace\/?page_id=316"},"modified":"2021-12-22T12:22:24","modified_gmt":"2021-12-22T11:22:24","slug":"preparer-sa-priere","status":"publish","type":"page","link":"https:\/\/retraites.prieenchemin.org\/prie-en-chemin-avec-ignace\/preparer-sa-priere\/","title":{"rendered":"Pr\u00e9parer sa pri\u00e8re"},"content":{"rendered":"<p>[et_pb_section fb_built=\u00a0\u00bb1&Prime; _builder_version=\u00a0\u00bb4.9.4&Prime; _module_preset=\u00a0\u00bbdefault\u00a0\u00bb global_colors_info=\u00a0\u00bb{}\u00a0\u00bb][et_pb_row column_structure=\u00a0\u00bb1_2,1_2&Prime; _builder_version=\u00a0\u00bb4.9.4&Prime; _module_preset=\u00a0\u00bbdefault\u00a0\u00bb global_colors_info=\u00a0\u00bb{}\u00a0\u00bb][et_pb_column type=\u00a0\u00bb1_2&Prime; _builder_version=\u00a0\u00bb4.9.4&Prime; _module_preset=\u00a0\u00bbdefault\u00a0\u00bb global_colors_info=\u00a0\u00bb{}\u00a0\u00bb][et_pb_text _builder_version=\u00a0\u00bb4.9.4&Prime; _module_preset=\u00a0\u00bbdefault\u00a0\u00bb global_colors_info=\u00a0\u00bb{}\u00a0\u00bb]<\/p>\n<h1>Pr\u00e9parer sa pri\u00e8re<\/h1>\n<h3>La pri\u00e8re est en tous points semblable \u00e0 la <span style=\"color: #0c71c3\">rencontre avec un ami<\/span>.<\/h3>\n<h3>Cela se passe en 3 temps\u00a0:<\/h3>\n<ol>\n<li><strong>Me pr\u00e9parer, <\/strong><\/li>\n<li><strong>Accueillir et <\/strong><\/li>\n<li><strong>Demander.<\/strong><\/li>\n<\/ol>\n<p><span style=\"color: #0c71c3\"><strong><span style=\"text-decoration: underline\">NB<\/span> : Il sera bon d&rsquo;avoir un <span style=\"text-decoration: underline;color: #e02b20\">carnet <\/span>pour noter ce que vous d\u00e9sirez garder chaque jour de votre pri\u00e8re. Ce sera un pr\u00e9cieux outil pour votre vie spirituelle !<\/strong><\/span><\/p>\n<p style=\"margin-bottom: 0cm\">\n<p>[\/et_pb_text][\/et_pb_column][et_pb_column type=\u00a0\u00bb1_2&Prime; _builder_version=\u00a0\u00bb4.9.4&Prime; _module_preset=\u00a0\u00bbdefault\u00a0\u00bb global_colors_info=\u00a0\u00bb{}\u00a0\u00bb][et_pb_video src=\u00a0\u00bbhttps:\/\/youtu.be\/Xq0r6R7IKlY\u00a0\u00bb _builder_version=\u00a0\u00bb4.11.1&Prime; _module_preset=\u00a0\u00bbdefault\u00a0\u00bb hover_enabled=\u00a0\u00bb0&Prime; global_colors_info=\u00a0\u00bb{}\u00a0\u00bb sticky_enabled=\u00a0\u00bb0&Prime;][\/et_pb_video][\/et_pb_column][\/et_pb_row][et_pb_row _builder_version=\u00a0\u00bb4.9.4&Prime; _module_preset=\u00a0\u00bbdefault\u00a0\u00bb global_colors_info=\u00a0\u00bb{}\u00a0\u00bb][et_pb_column type=\u00a0\u00bb4_4&Prime; _builder_version=\u00a0\u00bb4.9.4&Prime; _module_preset=\u00a0\u00bbdefault\u00a0\u00bb global_colors_info=\u00a0\u00bb{}\u00a0\u00bb][et_pb_text _builder_version=\u00a0\u00bb4.9.4&Prime; _module_preset=\u00a0\u00bbdefault\u00a0\u00bb text_font=\u00a0\u00bb||||||||\u00a0\u00bb global_colors_info=\u00a0\u00bb{}\u00a0\u00bb]<\/p>\n<h2 style=\"margin-bottom: 0cm\"><b>Me pr\u00e9parer<\/b><\/h2>\n<p style=\"margin-bottom: 0cm\">Quand j\u2019ai rendez-vous avec un ami ou une amie je me pr\u00e9pare \u00e0 la rencontre. Je pense \u00e0 l\u2019avance \u00e0 ce que je voudrais lui dire, lui confier&#8230; Si je le re\u00e7ois chez moi, je peux m\u00eame arranger la pi\u00e8ce pour qu\u2019elle soit agr\u00e9able avec un bouquet, de la musique de fond, etc.<\/p>\n<p>Avec Dieu, il en est de m\u00eame. Un temps de pri\u00e8re est un moment privil\u00e9gi\u00e9 de rencontre avec Dieu lui-m\u00eame\u00a0: Je me pr\u00e9pare le c\u0153ur pour donner et pour recevoir. Je me dispose \u00e0 la rencontre sans savoir exactement ce qu\u2019elle sera. Pour bien vivre ce rendez-vous et ne pas le rater, je m\u2019y pr\u00e9pare :<\/p>\n<ul>\n<li>\n<p style=\"margin-bottom: 0cm\">Je fixe l\u2019heure et le jour du rendez-vous,<\/p>\n<\/li>\n<li>\n<p style=\"margin-bottom: 0cm\">Je d\u00e9cide de la dur\u00e9e \u00e0 cocher sur mon agenda, 10 minutes, 20, 30 ? 60 ?<\/p>\n<\/li>\n<li>\n<p style=\"margin-bottom: 0cm\">Je choisis l\u2019endroit o\u00f9 je vais me poser afin d\u2019\u00eatre tranquille, sans t\u00e9l\u00e9phone et sans risque de coup de sonnette intempestif.<\/p>\n<\/li>\n<li>\n<p style=\"margin-bottom: 0cm\">Je peux l&rsquo;organiser : une bougie, une ic\u00f4ne, un fond musical&#8230; si cela m\u2019aide.<\/p>\n<\/li>\n<li>\n<p style=\"margin-bottom: 0cm\">Je pense un peu \u00e0 l\u2019avance \u00e0 la mani\u00e8re dont je vais prier pour ne pas arriver au rendez-vous en me demandant quel va \u00eatre le sujet de notre \u00ab\u00a0conversation\u00a0\u00bb.<\/p>\n<\/li>\n<\/ul>\n<p>&nbsp;<\/p>\n<h2 style=\"margin-bottom: 0cm\"><b>Accueillir<\/b><\/h2>\n<p style=\"margin-bottom: 0cm\">Le jour \u00ab\u00a0J\u00a0\u00bb quand mon ami arrive, j\u2019ai ma mani\u00e8re \u00e0 moi de l\u2019accueillir. J\u2019aime bien ce moment o\u00f9 je re\u00e7ois l\u2019autre tel qu\u2019il se pr\u00e9sente, les mains vides ou avec un petit cadeau, ne sachant pas encore tout ce qu\u2019il va me dire, tout ce que nous allons nous partager.<\/p>\n<p style=\"margin-bottom: 0cm\">Au d\u00e9but de la pri\u00e8re, je prends \u00e9galement le temps d\u2019accueillir Dieu et de me laisser accueillir par lui. Je l\u2019accueille \u00e0 ma mani\u00e8re, avec :<\/p>\n<ul>\n<li>\n<p style=\"margin-bottom: 0cm\">les mots qui sont les miens ou ceux h\u00e9rit\u00e9s de mes anc\u00eatres dans la foi \u00ab\u00a0me voici Seigneur\u00a0\u00bb,<\/p>\n<\/li>\n<li>\n<p style=\"margin-bottom: 0cm\">avec des gestes par lesquels je lui dis mon respect en mettant un genou \u00e0 terre ou en m\u2019inclinant,<\/p>\n<\/li>\n<li>mais aussi que je suis des siens par le signe de croix.<\/li>\n<\/ul>\n<h2 style=\"margin-bottom: 0cm\"><b>Demander<\/b><\/h2>\n<p style=\"margin-bottom: 0cm\">Enfin, avant de me mettre \u00e0 l&rsquo;\u00e9coute du Seigneur, je prends le temps de lui demander ce que je veux. Autrement dit, je lui exprime mon d\u00e9sir, ce que, profond\u00e9ment, je souhaite qu\u2019il me donne. Par exemple, je peux lui demander quelque chose en lien avec le r\u00e9cit \u00e9vang\u00e9lique que je vais prier. Ou bien je peux lui formuler une demande en rapport avec ce que je vis sur le moment :<\/p>\n<ul>\n<li>\n<p style=\"margin-bottom: 0cm\">lui demander une lumi\u00e8re sur un point pr\u00e9cis de ma vie,<\/p>\n<\/li>\n<li>\n<p style=\"margin-bottom: 0cm\">lui demander la paix si je me sens agit\u00e9,<\/p>\n<\/li>\n<li>&#8230; ou simplement lui demander de m\u2019apprendre \u00e0 prier, de m\u2019aider pour cela !<\/li>\n<\/ul>\n<p>L\u2019important est de demander au Seigneur quelque chose qui me tient \u00e0 c\u0153ur pour entrer ainsi en relation avec lui en lui pr\u00e9sentant mon d\u00e9sir de vivre.<span style=\"color: #000000\"><span style=\"font-family: ArialMT, sans-serif\"><span style=\"font-size: xx-small\"><\/span><\/span><\/span><\/p>\n<ul>\n<li>En m\u2019approchant du lieu de la pri\u00e8re, je me souviens que je vais passer un moment d\u2019intimit\u00e9 avec le Seigneur.<\/li>\n<li>Je cherche un espace et une position qui m\u2019aident \u00e0 \u00eatre pr\u00e9sent.<\/li>\n<li>Je fais silence, j\u2019\u00e9teins mon portable, je respire lentement : tout mon corps s\u2019apaise.<\/li>\n<li>Je r\u00e9alise que j\u2019entre en pr\u00e9sence du Seigneur. Je le regarde comme lui me regarde.<\/li>\n<li>Apr\u00e8s un signe de croix, je demande \u00e0 l\u2019Esprit Saint de me soutenir pour \u00eatre \u00e0 l\u2019\u00e9coute du Seigneur durant le temps de la pri\u00e8re. Que tout ce qui se passera m\u2019aide \u00e0 trouver J\u00e9sus Christ pour mieux le conna\u00eetre, l\u2019aimer davantage et le suivre de plus pr\u00e8s.<\/li>\n<\/ul>\n<p>[\/et_pb_text][et_pb_video src=\u00a0\u00bbhttps:\/\/youtu.be\/Xq0r6R7IKlY\u00a0\u00bb src_webm=\u00a0\u00bbhttps:\/\/youtu.be\/nJ6NnGJS_NU\u00a0\u00bb _builder_version=\u00a0\u00bb4.11.1&Prime; _module_preset=\u00a0\u00bbdefault\u00a0\u00bb hover_enabled=\u00a0\u00bb0&Prime; global_colors_info=\u00a0\u00bb{}\u00a0\u00bb sticky_enabled=\u00a0\u00bb0&Prime;][\/et_pb_video][\/et_pb_column][\/et_pb_row][\/et_pb_section]<\/p>\n","protected":false},"excerpt":{"rendered":"<p>Pr\u00e9parer sa pri\u00e8re La pri\u00e8re est en tous points semblable \u00e0 la rencontre avec un ami. Cela se passe en 3 temps\u00a0: Me pr\u00e9parer, Accueillir et Demander. NB : Il sera bon d&rsquo;avoir un carnet pour noter ce que vous d\u00e9sirez garder chaque jour de votre pri\u00e8re. Ce sera un pr\u00e9cieux outil pour votre vie [&hellip;]<\/p>\n","protected":false},"author":6,"featured_media":0,"parent":0,"menu_order":0,"comment_status":"closed","ping_status":"closed","template":"","meta":{"_et_pb_use_builder":"on","_et_pb_old_content":"","_et_gb_content_width":"","_monsterinsights_skip_tracking":false,"_monsterinsights_sitenote_active":false,"_monsterinsights_sitenote_note":"","_monsterinsights_sitenote_category":0},"yoast_head":"<!-- This site is optimized with the Yoast SEO plugin v17.7 - https:\/\/yoast.com\/wordpress\/plugins\/seo\/ -->\n<title>Pr\u00e9parer sa pri\u00e8re - Prie en chemin avec Ignace<\/title>\n<meta name=\"robots\" content=\"index, follow, max-snippet:-1, max-image-preview:large, max-video-preview:-1\" \/>\n<link rel=\"canonical\" href=\"https:\/\/retraites.prieenchemin.org\/prie-en-chemin-avec-ignace\/preparer-sa-priere\/\" \/>\n<meta property=\"og:locale\" content=\"fr_FR\" \/>\n<meta property=\"og:type\" content=\"article\" \/>\n<meta property=\"og:title\" content=\"Pr\u00e9parer sa pri\u00e8re - Prie en chemin avec Ignace\" \/>\n<meta property=\"og:description\" content=\"Pr\u00e9parer sa pri\u00e8re La pri\u00e8re est en tous points semblable \u00e0 la rencontre avec un ami. Cela se passe en 3 temps\u00a0: Me pr\u00e9parer, Accueillir et Demander. NB : Il sera bon d&#039;avoir un carnet pour noter ce que vous d\u00e9sirez garder chaque jour de votre pri\u00e8re. Ce sera un pr\u00e9cieux outil pour votre vie [&hellip;]\" \/>\n<meta property=\"og:url\" content=\"https:\/\/retraites.prieenchemin.org\/prie-en-chemin-avec-ignace\/preparer-sa-priere\/\" \/>\n<meta property=\"og:site_name\" content=\"Prie en chemin avec Ignace\" \/>\n<meta property=\"article:modified_time\" content=\"2021-12-22T11:22:24+00:00\" \/>\n<meta name=\"twitter:card\" content=\"summary_large_image\" \/>\n<script type=\"application\/ld+json\" class=\"yoast-schema-graph\">{\"@context\":\"https:\/\/schema.org\",\"@graph\":[{\"@type\":\"WebSite\",\"@id\":\"https:\/\/retraites.prieenchemin.org\/prie-en-chemin-avec-ignace\/#website\",\"url\":\"https:\/\/retraites.prieenchemin.org\/prie-en-chemin-avec-ignace\/\",\"name\":\"Prie en chemin avec Ignace\",\"description\":\"Voir toute chose nouvelle en Christ\",\"potentialAction\":[{\"@type\":\"SearchAction\",\"target\":{\"@type\":\"EntryPoint\",\"urlTemplate\":\"https:\/\/retraites.prieenchemin.org\/prie-en-chemin-avec-ignace\/?s={search_term_string}\"},\"query-input\":\"required name=search_term_string\"}],\"inLanguage\":\"fr-FR\"},{\"@type\":\"WebPage\",\"@id\":\"https:\/\/retraites.prieenchemin.org\/prie-en-chemin-avec-ignace\/preparer-sa-priere\/#webpage\",\"url\":\"https:\/\/retraites.prieenchemin.org\/prie-en-chemin-avec-ignace\/preparer-sa-priere\/\",\"name\":\"Pr\\u00e9parer sa pri\\u00e8re - Prie en chemin avec Ignace\",\"isPartOf\":{\"@id\":\"https:\/\/retraites.prieenchemin.org\/prie-en-chemin-avec-ignace\/#website\"},\"datePublished\":\"2021-04-28T15:55:57+00:00\",\"dateModified\":\"2021-12-22T11:22:24+00:00\",\"breadcrumb\":{\"@id\":\"https:\/\/retraites.prieenchemin.org\/prie-en-chemin-avec-ignace\/preparer-sa-priere\/#breadcrumb\"},\"inLanguage\":\"fr-FR\",\"potentialAction\":[{\"@type\":\"ReadAction\",\"target\":[\"https:\/\/retraites.prieenchemin.org\/prie-en-chemin-avec-ignace\/preparer-sa-priere\/\"]}]},{\"@type\":\"BreadcrumbList\",\"@id\":\"https:\/\/retraites.prieenchemin.org\/prie-en-chemin-avec-ignace\/preparer-sa-priere\/#breadcrumb\",\"itemListElement\":[{\"@type\":\"ListItem\",\"position\":1,\"name\":\"Accueil\",\"item\":\"https:\/\/retraites.prieenchemin.org\/prie-en-chemin-avec-ignace\/\"},{\"@type\":\"ListItem\",\"position\":2,\"name\":\"Pr\\u00e9parer sa pri\\u00e8re\"}]}]}<\/script>\n<!-- \/ Yoast SEO plugin. -->","yoast_head_json":{"title":"Pr\u00e9parer sa pri\u00e8re - Prie en chemin avec Ignace","robots":{"index":"index","follow":"follow","max-snippet":"max-snippet:-1","max-image-preview":"max-image-preview:large","max-video-preview":"max-video-preview:-1"},"canonical":"https:\/\/retraites.prieenchemin.org\/prie-en-chemin-avec-ignace\/preparer-sa-priere\/","og_locale":"fr_FR","og_type":"article","og_title":"Pr\u00e9parer sa pri\u00e8re - Prie en chemin avec Ignace","og_description":"Pr\u00e9parer sa pri\u00e8re La pri\u00e8re est en tous points semblable \u00e0 la rencontre avec un ami. Cela se passe en 3 temps\u00a0: Me pr\u00e9parer, Accueillir et Demander. NB : Il sera bon d'avoir un carnet pour noter ce que vous d\u00e9sirez garder chaque jour de votre pri\u00e8re. Ce sera un pr\u00e9cieux outil pour votre vie [&hellip;]","og_url":"https:\/\/retraites.prieenchemin.org\/prie-en-chemin-avec-ignace\/preparer-sa-priere\/","og_site_name":"Prie en chemin avec Ignace","article_modified_time":"2021-12-22T11:22:24+00:00","twitter_card":"summary_large_image","schema":{"@context":"https:\/\/schema.org","@graph":[{"@type":"WebSite","@id":"https:\/\/retraites.prieenchemin.org\/prie-en-chemin-avec-ignace\/#website","url":"https:\/\/retraites.prieenchemin.org\/prie-en-chemin-avec-ignace\/","name":"Prie en chemin avec Ignace","description":"Voir toute chose nouvelle en Christ","potentialAction":[{"@type":"SearchAction","target":{"@type":"EntryPoint","urlTemplate":"https:\/\/retraites.prieenchemin.org\/prie-en-chemin-avec-ignace\/?s={search_term_string}"},"query-input":"required name=search_term_string"}],"inLanguage":"fr-FR"},{"@type":"WebPage","@id":"https:\/\/retraites.prieenchemin.org\/prie-en-chemin-avec-ignace\/preparer-sa-priere\/#webpage","url":"https:\/\/retraites.prieenchemin.org\/prie-en-chemin-avec-ignace\/preparer-sa-priere\/","name":"Pr\u00e9parer sa pri\u00e8re - Prie en chemin avec Ignace","isPartOf":{"@id":"https:\/\/retraites.prieenchemin.org\/prie-en-chemin-avec-ignace\/#website"},"datePublished":"2021-04-28T15:55:57+00:00","dateModified":"2021-12-22T11:22:24+00:00","breadcrumb":{"@id":"https:\/\/retraites.prieenchemin.org\/prie-en-chemin-avec-ignace\/preparer-sa-priere\/#breadcrumb"},"inLanguage":"fr-FR","potentialAction":[{"@type":"ReadAction","target":["https:\/\/retraites.prieenchemin.org\/prie-en-chemin-avec-ignace\/preparer-sa-priere\/"]}]},{"@type":"BreadcrumbList","@id":"https:\/\/retraites.prieenchemin.org\/prie-en-chemin-avec-ignace\/preparer-sa-priere\/#breadcrumb","itemListElement":[{"@type":"ListItem","position":1,"name":"Accueil","item":"https:\/\/retraites.prieenchemin.org\/prie-en-chemin-avec-ignace\/"},{"@type":"ListItem","position":2,"name":"Pr\u00e9parer sa pri\u00e8re"}]}]}},"_links":{"self":[{"href":"https:\/\/retraites.prieenchemin.org\/prie-en-chemin-avec-ignace\/wp-json\/wp\/v2\/pages\/316"}],"collection":[{"href":"https:\/\/retraites.prieenchemin.org\/prie-en-chemin-avec-ignace\/wp-json\/wp\/v2\/pages"}],"about":[{"href":"https:\/\/retraites.prieenchemin.org\/prie-en-chemin-avec-ignace\/wp-json\/wp\/v2\/types\/page"}],"author":[{"embeddable":true,"href":"https:\/\/retraites.prieenchemin.org\/prie-en-chemin-avec-ignace\/wp-json\/wp\/v2\/users\/6"}],"replies":[{"embeddable":true,"href":"https:\/\/retraites.prieenchemin.org\/prie-en-chemin-avec-ignace\/wp-json\/wp\/v2\/comments?post=316"}],"version-history":[{"count":0,"href":"https:\/\/retraites.prieenchemin.org\/prie-en-chemin-avec-ignace\/wp-json\/wp\/v2\/pages\/316\/revisions"}],"wp:attachment":[{"href":"https:\/\/retraites.prieenchemin.org\/prie-en-chemin-avec-ignace\/wp-json\/wp\/v2\/media?parent=316"}],"curies":[{"name":"wp","href":"https:\/\/api.w.org\/{rel}","templated":true}]}}